{"id":4424,"date":"2024-11-07T19:35:18","date_gmt":"2024-11-07T19:35:18","guid":{"rendered":"https:\/\/lacaletasup.com\/about\/"},"modified":"2024-11-28T10:48:31","modified_gmt":"2024-11-28T10:48:31","slug":"about","status":"publish","type":"page","link":"https:\/\/lacaletasup.com\/en\/about\/","title":{"rendered":"ABOUT US"},"content":{"rendered":"<div data-elementor-type=\"wp-page\" data-elementor-id=\"4424\" class=\"elementor elementor-4424\" data-elementor-post-type=\"page\">\n\t\t\t\t<div class=\"elementor-element elementor-element-54d990d e-flex e-con-boxed e-con e-parent\" data-id=\"54d990d\" data-element_type=\"container\" data-e-type=\"container\" data-settings=\"{&quot;background_background&quot;:&quot;classic&quot;}\">\n\t\t\t\t\t<div class=\"e-con-inner\">\n\t\t<div class=\"elementor-element elementor-element-6750190 e-flex e-con-boxed e-con e-child\" data-id=\"6750190\" data-element_type=\"container\" data-e-type=\"container\">\n\t\t\t\t\t<div class=\"e-con-inner\">\n\t\t\t\t<div class=\"elementor-element elementor-element-c42833e elementor-widget-mobile__width-inherit elementor-widget elementor-widget-heading\" data-id=\"c42833e\" data-element_type=\"widget\" data-e-type=\"widget\" data-widget_type=\"heading.default\">\n\t\t\t\t<div class=\"elementor-widget-container\">\n\t\t\t\t\t<h1 class=\"elementor-heading-title elementor-size-default\">ABOUT US<\/h1>\t\t\t\t<\/div>\n\t\t\t\t<\/div>\n\t\t\t\t\t<\/div>\n\t\t\t\t<\/div>\n\t\t\t\t\t<\/div>\n\t\t\t\t<\/div>\n\t\t<div class=\"elementor-element elementor-element-36f5a48 e-flex e-con-boxed e-con e-parent\" data-id=\"36f5a48\" data-element_type=\"container\" data-e-type=\"container\">\n\t\t\t\t\t<div class=\"e-con-inner\">\n\t\t\t\t<div class=\"elementor-element elementor-element-44da6b6 elementor-widget elementor-widget-image\" data-id=\"44da6b6\" data-element_type=\"widget\" data-e-type=\"widget\" data-widget_type=\"image.default\">\n\t\t\t\t<div class=\"elementor-widget-container\">\n\t\t\t\t\t\t\t\t\t\t\t\t\t\t\t<img fetchpriority=\"high\" decoding=\"async\" width=\"300\" height=\"300\" src=\"https:\/\/lacaletasup.com\/wp-content\/uploads\/2024\/11\/cropped-LOGO-CON-LETRAS-3-1-300x300.png\" class=\"attachment-medium size-medium wp-image-4452\" alt=\"\" srcset=\"https:\/\/lacaletasup.com\/wp-content\/uploads\/2024\/11\/cropped-LOGO-CON-LETRAS-3-1-300x300.png 300w, https:\/\/lacaletasup.com\/wp-content\/uploads\/2024\/11\/cropped-LOGO-CON-LETRAS-3-1-150x150.png 150w, https:\/\/lacaletasup.com\/wp-content\/uploads\/2024\/11\/cropped-LOGO-CON-LETRAS-3-1-270x270.png 270w, https:\/\/lacaletasup.com\/wp-content\/uploads\/2024\/11\/cropped-LOGO-CON-LETRAS-3-1-192x192.png 192w, https:\/\/lacaletasup.com\/wp-content\/uploads\/2024\/11\/cropped-LOGO-CON-LETRAS-3-1-180x180.png 180w, https:\/\/lacaletasup.com\/wp-content\/uploads\/2024\/11\/cropped-LOGO-CON-LETRAS-3-1-32x32.png 32w, https:\/\/lacaletasup.com\/wp-content\/uploads\/2024\/11\/cropped-LOGO-CON-LETRAS-3-1.png 512w\" sizes=\"(max-width: 300px) 100vw, 300px\" \/>\t\t\t\t\t\t\t\t\t\t\t\t\t\t\t<\/div>\n\t\t\t\t<\/div>\n\t\t\t\t<div class=\"elementor-element elementor-element-f70bdad elementor-widget elementor-widget-heading\" data-id=\"f70bdad\" data-element_type=\"widget\" data-e-type=\"widget\" data-widget_type=\"heading.default\">\n\t\t\t\t<div class=\"elementor-widget-container\">\n\t\t\t\t\t<h2 class=\"elementor-heading-title elementor-size-default\">TWO BROTHERS UNITED BY THE SEA<\/h2>\t\t\t\t<\/div>\n\t\t\t\t<\/div>\n\t\t\t\t\t<\/div>\n\t\t\t\t<\/div>\n\t\t<div class=\"elementor-element elementor-element-e21bf51 e-con-full e-flex e-con e-parent\" data-id=\"e21bf51\" data-element_type=\"container\" data-e-type=\"container\" data-settings=\"{&quot;background_background&quot;:&quot;classic&quot;}\">\n\t\t<div class=\"elementor-element elementor-element-7c56f27 e-con-full e-flex e-con e-child\" data-id=\"7c56f27\" data-element_type=\"container\" data-e-type=\"container\">\n\t\t\t\t<div class=\"elementor-element elementor-element-af62786 elementor-widget elementor-widget-image\" data-id=\"af62786\" data-element_type=\"widget\" data-e-type=\"widget\" data-widget_type=\"image.default\">\n\t\t\t\t<div class=\"elementor-widget-container\">\n\t\t\t\t\t\t\t\t\t\t\t\t\t\t\t<img decoding=\"async\" width=\"768\" height=\"705\" src=\"https:\/\/lacaletasup.com\/wp-content\/uploads\/2024\/11\/Diseno-sin-titulo-45-e1731152598395-768x705.png\" class=\"attachment-medium_large size-medium_large wp-image-4520\" alt=\"\" srcset=\"https:\/\/lacaletasup.com\/wp-content\/uploads\/2024\/11\/Diseno-sin-titulo-45-e1731152598395-768x705.png 768w, https:\/\/lacaletasup.com\/wp-content\/uploads\/2024\/11\/Diseno-sin-titulo-45-e1731152598395-300x276.png 300w, https:\/\/lacaletasup.com\/wp-content\/uploads\/2024\/11\/Diseno-sin-titulo-45-e1731152598395-1024x941.png 1024w, https:\/\/lacaletasup.com\/wp-content\/uploads\/2024\/11\/Diseno-sin-titulo-45-e1731152598395.png 1080w\" sizes=\"(max-width: 768px) 100vw, 768px\" \/>\t\t\t\t\t\t\t\t\t\t\t\t\t\t\t<\/div>\n\t\t\t\t<\/div>\n\t\t\t\t<\/div>\n\t\t<div class=\"elementor-element elementor-element-94aac08 e-con-full e-flex e-con e-child\" data-id=\"94aac08\" data-element_type=\"container\" data-e-type=\"container\">\n\t\t\t\t<div class=\"elementor-element elementor-element-aeaca52 elementor-widget-mobile__width-inherit elementor-widget elementor-widget-heading\" data-id=\"aeaca52\" data-element_type=\"widget\" data-e-type=\"widget\" data-widget_type=\"heading.default\">\n\t\t\t\t<div class=\"elementor-widget-container\">\n\t\t\t\t\t<h2 class=\"elementor-heading-title elementor-size-default\">JAVI<\/h2>\t\t\t\t<\/div>\n\t\t\t\t<\/div>\n\t\t\t\t<div class=\"elementor-element elementor-element-129b6c5 elementor-widget__width-auto elementor-widget-mobile__width-initial elementor-widget elementor-widget-text-editor\" data-id=\"129b6c5\" data-element_type=\"widget\" data-e-type=\"widget\" data-widget_type=\"text-editor.default\">\n\t\t\t\t<div class=\"elementor-widget-container\">\n\t\t\t\t\t\t\t\t\t<p><b>Co-Fundador \/ instructor<\/b><\/p><p>Surf instructor for more than 9 years<\/p><p>Bachelor's degree in Physical Activity and Sports Sciences.<\/p><p>Passionate about the sea and surfing, Javi will make you live a unique and unforgettable experience, while teaching you the technique of paddle surfing and showing you the most hidden spots of this wonderful place.<\/p>\t\t\t\t\t\t\t\t<\/div>\n\t\t\t\t<\/div>\n\t\t\t\t<\/div>\n\t\t\t\t<\/div>\n\t\t<div class=\"elementor-element elementor-element-687dc86 e-con-full e-flex e-con e-parent\" data-id=\"687dc86\" data-element_type=\"container\" data-e-type=\"container\" data-settings=\"{&quot;background_background&quot;:&quot;classic&quot;}\">\n\t\t<div class=\"elementor-element elementor-element-84f9670 e-con-full e-flex e-con e-child\" data-id=\"84f9670\" data-element_type=\"container\" data-e-type=\"container\">\n\t\t\t\t<div class=\"elementor-element elementor-element-77ec64f elementor-widget elementor-widget-image\" data-id=\"77ec64f\" data-element_type=\"widget\" data-e-type=\"widget\" data-widget_type=\"image.default\">\n\t\t\t\t<div class=\"elementor-widget-container\">\n\t\t\t\t\t\t\t\t\t\t\t\t\t\t\t<img decoding=\"async\" width=\"819\" height=\"1024\" src=\"https:\/\/lacaletasup.com\/wp-content\/uploads\/2024\/11\/Diseno-sin-titulo-51-819x1024.png\" class=\"attachment-large size-large wp-image-4533\" alt=\"\" srcset=\"https:\/\/lacaletasup.com\/wp-content\/uploads\/2024\/11\/Diseno-sin-titulo-51-819x1024.png 819w, https:\/\/lacaletasup.com\/wp-content\/uploads\/2024\/11\/Diseno-sin-titulo-51-240x300.png 240w, https:\/\/lacaletasup.com\/wp-content\/uploads\/2024\/11\/Diseno-sin-titulo-51-768x960.png 768w, https:\/\/lacaletasup.com\/wp-content\/uploads\/2024\/11\/Diseno-sin-titulo-51.png 1080w\" sizes=\"(max-width: 819px) 100vw, 819px\" \/>\t\t\t\t\t\t\t\t\t\t\t\t\t\t\t<\/div>\n\t\t\t\t<\/div>\n\t\t\t\t<\/div>\n\t\t<div class=\"elementor-element elementor-element-6c570d7 e-con-full e-flex e-con e-child\" data-id=\"6c570d7\" data-element_type=\"container\" data-e-type=\"container\">\n\t\t\t\t<div class=\"elementor-element elementor-element-35a86e1 elementor-widget-mobile__width-inherit elementor-widget elementor-widget-heading\" data-id=\"35a86e1\" data-element_type=\"widget\" data-e-type=\"widget\" data-widget_type=\"heading.default\">\n\t\t\t\t<div class=\"elementor-widget-container\">\n\t\t\t\t\t<h2 class=\"elementor-heading-title elementor-size-default\">ALVARO<\/h2>\t\t\t\t<\/div>\n\t\t\t\t<\/div>\n\t\t\t\t<div class=\"elementor-element elementor-element-dbaf1b0 elementor-widget-mobile__width-initial elementor-widget elementor-widget-text-editor\" data-id=\"dbaf1b0\" data-element_type=\"widget\" data-e-type=\"widget\" data-widget_type=\"text-editor.default\">\n\t\t\t\t<div class=\"elementor-widget-container\">\n\t\t\t\t\t\t\t\t\t<p><span style=\"font-style: inherit; text-align: var(--text-align); color: var(--ast-global-color-3);\"><b>Co-Fundador \/ instructor<\/b><\/span><\/p><p>Surf instructor during 8 years<\/p><p>Graduated in Physiotherapy.<\/p><p>A lover of the sea, surfing, and nature, \u00c1lvaro will accompany you throughout your experience, so you can discover the most secret details of La Caleta and make the most of your adventure<\/p>\t\t\t\t\t\t\t\t<\/div>\n\t\t\t\t<\/div>\n\t\t\t\t<\/div>\n\t\t\t\t<\/div>\n\t\t<div class=\"elementor-element elementor-element-16b2242 e-flex e-con-boxed e-con e-parent\" data-id=\"16b2242\" data-element_type=\"container\" data-e-type=\"container\" data-settings=\"{&quot;background_background&quot;:&quot;classic&quot;}\">\n\t\t\t\t\t<div class=\"e-con-inner\">\n\t\t\t\t<div class=\"elementor-element elementor-element-d44650f elementor-widget elementor-widget-image\" data-id=\"d44650f\" data-element_type=\"widget\" data-e-type=\"widget\" data-widget_type=\"image.default\">\n\t\t\t\t<div class=\"elementor-widget-container\">\n\t\t\t\t\t\t\t\t\t\t\t\t\t\t\t<img loading=\"lazy\" decoding=\"async\" width=\"261\" height=\"300\" src=\"https:\/\/lacaletasup.com\/wp-content\/uploads\/2024\/11\/cropped-LOGO-CON-LETRAS-4-261x300.png\" class=\"attachment-medium size-medium wp-image-79\" alt=\"\" srcset=\"https:\/\/lacaletasup.com\/wp-content\/uploads\/2024\/11\/cropped-LOGO-CON-LETRAS-4-261x300.png 261w, https:\/\/lacaletasup.com\/wp-content\/uploads\/2024\/11\/cropped-LOGO-CON-LETRAS-4.png 632w\" sizes=\"(max-width: 261px) 100vw, 261px\" \/>\t\t\t\t\t\t\t\t\t\t\t\t\t\t\t<\/div>\n\t\t\t\t<\/div>\n\t\t\t\t<div class=\"elementor-element elementor-element-c6bfdb7 elementor-widget__width-auto elementor-widget elementor-widget-text-editor\" data-id=\"c6bfdb7\" data-element_type=\"widget\" data-e-type=\"widget\" data-widget_type=\"text-editor.default\">\n\t\t\t\t<div class=\"elementor-widget-container\">\n\t\t\t\t\t\t\t\t\t<p>Como dicen, una imagen vale mas que mil palabras, asi que os dejamos un breve video donde podre\u00eds ver quien os acompa\u00f1ara en esta experiencia de Paddle Surf y Snorkel en La Caleta, Tenerife<\/p>\t\t\t\t\t\t\t\t<\/div>\n\t\t\t\t<\/div>\n\t\t\t\t\t<\/div>\n\t\t\t\t<\/div>\n\t\t<div class=\"elementor-element elementor-element-9ab806d e-flex e-con-boxed e-con e-parent\" data-id=\"9ab806d\" data-element_type=\"container\" data-e-type=\"container\">\n\t\t\t\t\t<div class=\"e-con-inner\">\n\t\t\t\t<div class=\"elementor-element elementor-element-7bd3b90 elementor-widget elementor-widget-video\" data-id=\"7bd3b90\" data-element_type=\"widget\" data-e-type=\"widget\" data-settings=\"{&quot;youtube_url&quot;:&quot;https:\\\/\\\/www.youtube.com\\\/watch?v=09W4CFuwhIM&quot;,&quot;loop&quot;:&quot;yes&quot;,&quot;video_type&quot;:&quot;youtube&quot;,&quot;controls&quot;:&quot;yes&quot;}\" data-widget_type=\"video.default\">\n\t\t\t\t<div class=\"elementor-widget-container\">\n\t\t\t\t\t\t\t<div class=\"elementor-wrapper elementor-open-inline\">\n\t\t\t<div class=\"elementor-video\"><\/div>\t\t<\/div>\n\t\t\t\t\t\t<\/div>\n\t\t\t\t<\/div>\n\t\t\t\t\t<\/div>\n\t\t\t\t<\/div>\n\t\t<div class=\"elementor-element elementor-element-5e03ae4 e-flex e-con-boxed e-con e-parent\" data-id=\"5e03ae4\" data-element_type=\"container\" data-e-type=\"container\">\n\t\t\t\t\t<div class=\"e-con-inner\">\n\t\t\t\t<div class=\"elementor-element elementor-element-8673426 elementor-mobile-align-center elementor-widget elementor-widget-button\" data-id=\"8673426\" data-element_type=\"widget\" data-e-type=\"widget\" data-widget_type=\"button.default\">\n\t\t\t\t<div class=\"elementor-widget-container\">\n\t\t\t\t\t\t\t\t\t<div class=\"elementor-button-wrapper\">\n\t\t\t\t\t<a class=\"elementor-button elementor-button-link elementor-size-sm\" href=\"https:\/\/lacaletasup.com\/en\/\">\n\t\t\t\t\t\t<span class=\"elementor-button-content-wrapper\">\n\t\t\t\t\t\t<span class=\"elementor-button-icon\">\n\t\t\t\t<svg aria-hidden=\"true\" class=\"e-font-icon-svg e-far-arrow-alt-circle-left\" viewbox=\"0 0 512 512\" xmlns=\"http:\/\/www.w3.org\/2000\/svg\"><path d=\"M8 256c0 137 111 248 248 248s248-111 248-248S393 8 256 8 8 119 8 256zm448 0c0 110.5-89.5 200-200 200S56 366.5 56 256 145.5 56 256 56s200 89.5 200 200zm-72-20v40c0 6.6-5.4 12-12 12H256v67c0 10.7-12.9 16-20.5 8.5l-99-99c-4.7-4.7-4.7-12.3 0-17l99-99c7.6-7.6 20.5-2.2 20.5 8.5v67h116c6.6 0 12 5.4 12 12z\"><\/path><\/svg>\t\t\t<\/span>\n\t\t\t\t\t\t\t\t\t<span class=\"elementor-button-text\">VOLVER<\/span>\n\t\t\t\t\t<\/span>\n\t\t\t\t\t<\/a>\n\t\t\t\t<\/div>\n\t\t\t\t\t\t\t\t<\/div>\n\t\t\t\t<\/div>\n\t\t\t\t\t<\/div>\n\t\t\t\t<\/div>\n\t\t\t\t<\/div>","protected":false},"excerpt":{"rendered":"<p>CON\u00d3CENOS DOS HERMANOS UNIDOS POR EL MAR JAVI Co-Fundador \/ instructor Monitor de surf durante mas de 9 a\u00f1os Ciencias Act. Fisica y Deporte Apasionado por el mar y el surf. Javi os hara vivir una experiencia \u00fanica e inolvidable, a la vez que os ense\u00f1a la t\u00e9cnica del paddle surf y los lugares mas [&hellip;]<\/p>\n","protected":false},"author":1,"featured_media":0,"parent":0,"menu_order":0,"comment_status":"closed","ping_status":"closed","template":"","meta":{"om_disable_all_campaigns":false,"_monsterinsights_skip_tracking":false,"_monsterinsights_sitenote_active":false,"_monsterinsights_sitenote_note":"","_monsterinsights_sitenote_category":0,"site-sidebar-layout":"no-sidebar","site-content-layout":"page-builder","ast-site-content-layout":"default","site-content-style":"default","site-sidebar-style":"default","ast-global-header-display":"","ast-banner-title-visibility":"","ast-main-header-display":"","ast-hfb-above-header-display":"","ast-hfb-below-header-display":"","ast-hfb-mobile-header-display":"","site-post-title":"disabled","ast-breadcrumbs-content":"","ast-featured-img":"","footer-sml-layout":"","ast-disable-related-posts":"","theme-transparent-header-meta":"enabled","adv-header-id-meta":"","stick-header-meta":"","header-above-stick-meta":"","header-main-stick-meta":"","header-below-stick-meta":"","astra-migrate-meta-layouts":"default","ast-page-background-enabled":"default","ast-page-background-meta":{"desktop":{"background-color":"","background-image":"","background-repeat":"repeat","background-position":"center center","background-size":"auto","background-attachment":"scroll","background-type":"","background-media":"","overlay-type":"","overlay-color":"","overlay-opacity":"","overlay-gradient":""},"tablet":{"background-color":"","background-image":"","background-repeat":"repeat","background-position":"center center","background-size":"auto","background-attachment":"scroll","background-type":"","background-media":"","overlay-type":"","overlay-color":"","overlay-opacity":"","overlay-gradient":""},"mobile":{"background-color":"","background-image":"","background-repeat":"repeat","background-position":"center center","background-size":"auto","background-attachment":"scroll","background-type":"","background-media":"","overlay-type":"","overlay-color":"","overlay-opacity":"","overlay-gradient":""}},"ast-content-background-meta":{"desktop":{"background-color":"var(--ast-global-color-5)","background-image":"","background-repeat":"repeat","background-position":"center center","background-size":"auto","background-attachment":"scroll","background-type":"","background-media":"","overlay-type":"","overlay-color":"","overlay-opacity":"","overlay-gradient":""},"tablet":{"background-color":"var(--ast-global-color-5)","background-image":"","background-repeat":"repeat","background-position":"center center","background-size":"auto","background-attachment":"scroll","background-type":"","background-media":"","overlay-type":"","overlay-color":"","overlay-opacity":"","overlay-gradient":""},"mobile":{"background-color":"var(--ast-global-color-5)","background-image":"","background-repeat":"repeat","background-position":"center center","background-size":"auto","background-attachment":"scroll","background-type":"","background-media":"","overlay-type":"","overlay-color":"","overlay-opacity":"","overlay-gradient":""}},"footnotes":""},"class_list":["post-4424","page","type-page","status-publish","hentry"],"aioseo_notices":[],"_links":{"self":[{"href":"https:\/\/lacaletasup.com\/en\/wp-json\/wp\/v2\/pages\/4424","targetHints":{"allow":["GET"]}}],"collection":[{"href":"https:\/\/lacaletasup.com\/en\/wp-json\/wp\/v2\/pages"}],"about":[{"href":"https:\/\/lacaletasup.com\/en\/wp-json\/wp\/v2\/types\/page"}],"author":[{"embeddable":true,"href":"https:\/\/lacaletasup.com\/en\/wp-json\/wp\/v2\/users\/1"}],"replies":[{"embeddable":true,"href":"https:\/\/lacaletasup.com\/en\/wp-json\/wp\/v2\/comments?post=4424"}],"version-history":[{"count":62,"href":"https:\/\/lacaletasup.com\/en\/wp-json\/wp\/v2\/pages\/4424\/revisions"}],"predecessor-version":[{"id":4698,"href":"https:\/\/lacaletasup.com\/en\/wp-json\/wp\/v2\/pages\/4424\/revisions\/4698"}],"wp:attachment":[{"href":"https:\/\/lacaletasup.com\/en\/wp-json\/wp\/v2\/media?parent=4424"}],"curies":[{"name":"wp","href":"https:\/\/api.w.org\/{rel}","templated":true}]}}